{"id":24,"date":"2019-12-16T17:34:29","date_gmt":"2019-12-16T16:34:29","guid":{"rendered":"https:\/\/www.nordic-vaper.de\/?page_id=24"},"modified":"2019-12-16T19:31:34","modified_gmt":"2019-12-16T18:31:34","slug":"verschiedenes","status":"publish","type":"page","link":"https:\/\/www.nordic-vaper.de\/index.php\/verschiedenes\/","title":{"rendered":"Verschiedenes"},"content":{"rendered":"\n<p>An dieser Stelle m\u00f6chten wir uns bei unserem &#8222;local Dealer&#8220; bedanken und geben diesen stets als Empfehlung sowie Bezugsquelle an. Ich glaube nicht, dass ich heute dampfen w\u00fcrde, wenn der Laden nicht der w\u00e4re, der er ist. Und das meine ich in Bezug auf Qualit\u00e4t der Beratung, Fairness und Menschlickeit.<\/p>\n\n\n\n<p><a href=\"http:\/\/www.kieler-dampferstuebchen.de\" target=\"_blank\" rel=\"noreferrer noopener\" aria-label=\"www.kieler-dampferstuebchen.de (opens in a new tab)\">www.kieler-dampferstuebchen.de<\/a><\/p>\n\n\n\n<p> Kieler Dampferst\u00fcbchen<br> Hamburger Chaussee 127<br> 24113 Kiel  <\/p>\n\n\n\n<p>Mo \u2013 Fr von 10:00 bis 18:00 Uhr<br>Samstag von 10:00 bis 15:00 Uhr <\/p>\n\n\n\n<p><\/p>\n","protected":false},"excerpt":{"rendered":"<p>An dieser Stelle m\u00f6chten wir uns bei unserem &#8222;local Dealer&#8220; bedanken und geben diesen stets als Empfehlung sowie Bezugsquelle an.<\/p>\n","protected":false},"author":1,"featured_media":0,"parent":0,"menu_order":0,"comment_status":"closed","ping_status":"closed","template":"","meta":{"footnotes":""},"jetpack_sharing_enabled":true,"_links":{"self":[{"href":"https:\/\/www.nordic-vaper.de\/index.php\/wp-json\/wp\/v2\/pages\/24"}],"collection":[{"href":"https:\/\/www.nordic-vaper.de\/index.php\/wp-json\/wp\/v2\/pages"}],"about":[{"href":"https:\/\/www.nordic-vaper.de\/index.php\/wp-json\/wp\/v2\/types\/page"}],"author":[{"embeddable":true,"href":"https:\/\/www.nordic-vaper.de\/index.php\/wp-json\/wp\/v2\/users\/1"}],"replies":[{"embeddable":true,"href":"https:\/\/www.nordic-vaper.de\/index.php\/wp-json\/wp\/v2\/comments?post=24"}],"version-history":[{"count":6,"href":"https:\/\/www.nordic-vaper.de\/index.php\/wp-json\/wp\/v2\/pages\/24\/revisions"}],"predecessor-version":[{"id":62,"href":"https:\/\/www.nordic-vaper.de\/index.php\/wp-json\/wp\/v2\/pages\/24\/revisions\/62"}],"wp:attachment":[{"href":"https:\/\/www.nordic-vaper.de\/index.php\/wp-json\/wp\/v2\/media?parent=24"}],"curies":[{"name":"wp","href":"https:\/\/api.w.org\/{rel}","templated":true}]}}